{"id":14,"date":"2018-12-28T12:07:52","date_gmt":"2018-12-28T11:07:52","guid":{"rendered":"https:\/\/www.utuf.ch\/?page_id=14"},"modified":"2022-11-27T18:12:53","modified_gmt":"2022-11-27T17:12:53","slug":"spenden","status":"publish","type":"page","link":"https:\/\/www.utuf.ch\/?page_id=14","title":{"rendered":"Spenden"},"content":{"rendered":"<p>[et_pb_section fb_built=&#8220;1&#8243; fullwidth=&#8220;on&#8220; _builder_version=&#8220;3.19.1&#8243; background_color=&#8220;rgba(102,102,102,0.8)&#8220; background_image=&#8220;https:\/\/www.utuf.ch\/wp-content\/uploads\/2018\/12\/header.jpg&#8220; background_blend=&#8220;multiply&#8220; custom_padding=&#8220;80px||80px||true|false&#8220; global_module=&#8220;110&#8243; saved_tabs=&#8220;all&#8220;][et_pb_fullwidth_post_title meta=&#8220;off&#8220; featured_image=&#8220;off&#8220; _builder_version=&#8220;3.19.1&#8243; title_font=&#8220;Montserrat||||||||&#8220; title_text_color=&#8220;#ffffff&#8220; title_font_size=&#8220;48px&#8220; title_letter_spacing=&#8220;4px&#8220; text_orientation=&#8220;center&#8220; title_font_size_tablet=&#8220;&#8220; title_font_size_phone=&#8220;36px&#8220; title_font_size_last_edited=&#8220;on|phone&#8220; title_letter_spacing_tablet=&#8220;&#8220; title_letter_spacing_phone=&#8220;3px&#8220; title_letter_spacing_last_edited=&#8220;on|phone&#8220;][\/et_pb_fullwidth_post_title][\/et_pb_section][et_pb_section fb_built=&#8220;1&#8243; _builder_version=&#8220;3.22.3&#8243; custom_padding=&#8220;75px|0px|74px|2px|false|false&#8220;][et_pb_row _builder_version=&#8220;3.25&#8243;][et_pb_column type=&#8220;4_4&#8243; _builder_version=&#8220;3.25&#8243; custom_padding=&#8220;|||&#8220; custom_padding__hover=&#8220;|||&#8220;][et_pb_text _builder_version=&#8220;3.27.4&#8243;]<\/p>\n<h2 style=\"text-align: center;\">Wir danken Ihnen ganz herzlich f\u00fcr jede Spende!<\/h2>\n<p>[\/et_pb_text][\/et_pb_column][\/et_pb_row][et_pb_row column_structure=&#8220;1_2,1_2&#8243; custom_padding_last_edited=&#8220;on|desktop&#8220; _builder_version=&#8220;3.25&#8243; custom_padding=&#8220;30px|100px|30px|100px|false|false&#8220; custom_padding_tablet=&#8220;&#8220; custom_padding_phone=&#8220;|0px||0px||true&#8220;][et_pb_column type=&#8220;1_2&#8243; _builder_version=&#8220;3.25&#8243; custom_padding=&#8220;|||&#8220; custom_padding__hover=&#8220;|||&#8220;][et_pb_text _builder_version=&#8220;4.5.3&#8243; hover_enabled=&#8220;0&#8243;]<\/p>\n<p><strong>Spendenkonto UNA TERRA &#8211; UNA FAMILIA<\/strong><\/p>\n<p>Thurgauer Kantonalbank<br \/> 8570 Weinfelden<\/p>\n<p><strong>IBAN: CH55 0078 4202 0001 9560 5<\/strong><\/p>\n<p><a href=\"https:\/\/www.utuf.ch\/wp-content\/uploads\/2022\/11\/QR-Rechnung.pdf\" target=\"_blank\" rel=\"noopener noreferrer\">Download QR-Rechnung (PDF)<\/a><\/p>\n<p>&nbsp;<\/p>\n<p>[\/et_pb_text][\/et_pb_column][et_pb_column type=&#8220;1_2&#8243; _builder_version=&#8220;3.25&#8243; custom_padding=&#8220;|||&#8220; custom_padding__hover=&#8220;|||&#8220;][et_pb_text _builder_version=&#8220;3.27.4&#8243; custom_padding=&#8220;||&#8220;]<\/p>\n<p>Unser Hilfswerk ist beim Kanton Thurgau als Verein eingetragen. Die Vorstandsmitglieder arbeiten unentgeltlich und bezahlen s\u00e4mtliche Kosten f\u00fcr notwendige Projektreisen aus der eigenen Tasche. Daher k\u00f6nnen belegte Zuwendungen in den meisten Deutschschweizer Kantonen von den Kantons- und Gemeindesteuern abgezogen werden. Auch das Bundesgesetz \u00fcber die direkte Bundessteuer sieht eine Steuerbefreiung vor.<\/p>\n<p>[\/et_pb_text][\/et_pb_column][\/et_pb_row][\/et_pb_section]<\/p>\n","protected":false},"excerpt":{"rendered":"<p>[et_pb_section fb_built=&#8220;1&#8243; fullwidth=&#8220;on&#8220; _builder_version=&#8220;3.19.1&#8243; background_color=&#8220;rgba(102,102,102,0.8)&#8220; background_image=&#8220;https:\/\/www.utuf.ch\/wp-content\/uploads\/2018\/12\/header.jpg&#8220; background_blend=&#8220;multiply&#8220; custom_padding=&#8220;80px||80px||true|false&#8220; global_module=&#8220;110&#8243; saved_tabs=&#8220;all&#8220;][et_pb_fullwidth_post_title meta=&#8220;off&#8220; featured_image=&#8220;off&#8220; _builder_version=&#8220;3.19.1&#8243; title_font=&#8220;Montserrat||||||||&#8220; title_text_color=&#8220;#ffffff&#8220; title_font_size=&#8220;48px&#8220; title_letter_spacing=&#8220;4px&#8220; text_orientation=&#8220;center&#8220; title_font_size_tablet=&#8220;&#8220; title_font_size_phone=&#8220;36px&#8220; title_font_size_last_edited=&#8220;on|phone&#8220; title_letter_spacing_tablet=&#8220;&#8220; title_letter_spacing_phone=&#8220;3px&#8220; title_letter_spacing_last_edited=&#8220;on|phone&#8220;][\/et_pb_fullwidth_post_title][\/et_pb_section][et_pb_section fb_built=&#8220;1&#8243; _builder_version=&#8220;3.22.3&#8243; custom_padding=&#8220;75px|0px|74px|2px|false|false&#8220;][et_pb_row _builder_version=&#8220;3.25&#8243;][et_pb_column type=&#8220;4_4&#8243; _builder_version=&#8220;3.25&#8243; custom_padding=&#8220;|||&#8220; custom_padding__hover=&#8220;|||&#8220;][et_pb_text _builder_version=&#8220;3.27.4&#8243;] Wir danken Ihnen ganz herzlich f\u00fcr jede Spende! [\/et_pb_text][\/et_pb_column][\/et_pb_row][et_pb_row column_structure=&#8220;1_2,1_2&#8243; custom_padding_last_edited=&#8220;on|desktop&#8220; _builder_version=&#8220;3.25&#8243; custom_padding=&#8220;30px|100px|30px|100px|false|false&#8220; custom_padding_tablet=&#8220;&#8220; custom_padding_phone=&#8220;|0px||0px||true&#8220;][et_pb_column type=&#8220;1_2&#8243; _builder_version=&#8220;3.25&#8243; custom_padding=&#8220;|||&#8220; custom_padding__hover=&#8220;|||&#8220;][et_pb_text _builder_version=&#8220;4.5.3&#8243; hover_enabled=&#8220;0&#8243;] Spendenkonto [&hellip;]<\/p>\n","protected":false},"author":2,"featured_media":0,"parent":0,"menu_order":0,"comment_status":"closed","ping_status":"closed","template":"","meta":{"_et_pb_use_builder":"on","_et_pb_old_content":"<!-- wp:divi\/placeholder \/-->","_et_gb_content_width":""},"_links":{"self":[{"href":"https:\/\/www.utuf.ch\/index.php?rest_route=\/wp\/v2\/pages\/14"}],"collection":[{"href":"https:\/\/www.utuf.ch\/index.php?rest_route=\/wp\/v2\/pages"}],"about":[{"href":"https:\/\/www.utuf.ch\/index.php?rest_route=\/wp\/v2\/types\/page"}],"author":[{"embeddable":true,"href":"https:\/\/www.utuf.ch\/index.php?rest_route=\/wp\/v2\/users\/2"}],"replies":[{"embeddable":true,"href":"https:\/\/www.utuf.ch\/index.php?rest_route=%2Fwp%2Fv2%2Fcomments&post=14"}],"version-history":[{"count":20,"href":"https:\/\/www.utuf.ch\/index.php?rest_route=\/wp\/v2\/pages\/14\/revisions"}],"predecessor-version":[{"id":925,"href":"https:\/\/www.utuf.ch\/index.php?rest_route=\/wp\/v2\/pages\/14\/revisions\/925"}],"wp:attachment":[{"href":"https:\/\/www.utuf.ch\/index.php?rest_route=%2Fwp%2Fv2%2Fmedia&parent=14"}],"curies":[{"name":"wp","href":"https:\/\/api.w.org\/{rel}","templated":true}]}}