{"id":405,"date":"2019-01-02T13:39:56","date_gmt":"2019-01-02T12:39:56","guid":{"rendered":"https:\/\/www.utuf.ch\/?page_id=405"},"modified":"2025-10-26T15:22:41","modified_gmt":"2025-10-26T14:22:41","slug":"berichte","status":"publish","type":"page","link":"https:\/\/www.utuf.ch\/?page_id=405","title":{"rendered":"Berichte"},"content":{"rendered":"<p>[et_pb_section fb_built=&#8220;1&#8243; fullwidth=&#8220;on&#8220; _builder_version=&#8220;3.19.1&#8243; background_color=&#8220;rgba(102,102,102,0.8)&#8220; background_image=&#8220;https:\/\/www.utuf.ch\/wp-content\/uploads\/2018\/12\/header.jpg&#8220; background_blend=&#8220;multiply&#8220; custom_padding=&#8220;80px||80px||true|false&#8220; global_module=&#8220;110&#8243; saved_tabs=&#8220;all&#8220;][et_pb_fullwidth_post_title meta=&#8220;off&#8220; featured_image=&#8220;off&#8220; _builder_version=&#8220;3.19.1&#8243; title_font=&#8220;Montserrat||||||||&#8220; title_text_color=&#8220;#ffffff&#8220; title_font_size=&#8220;48px&#8220; title_letter_spacing=&#8220;4px&#8220; text_orientation=&#8220;center&#8220; title_font_size_tablet=&#8220;&#8220; title_font_size_phone=&#8220;36px&#8220; title_font_size_last_edited=&#8220;on|phone&#8220; title_letter_spacing_tablet=&#8220;&#8220; title_letter_spacing_phone=&#8220;3px&#8220; title_letter_spacing_last_edited=&#8220;on|phone&#8220;][\/et_pb_fullwidth_post_title][\/et_pb_section][et_pb_section fb_built=&#8220;1&#8243; _builder_version=&#8220;3.22.3&#8243; custom_padding=&#8220;|3px||&#8220;][et_pb_row column_structure=&#8220;1_2,1_2&#8243; _builder_version=&#8220;3.25&#8243;][et_pb_column type=&#8220;1_2&#8243; _builder_version=&#8220;3.25&#8243; custom_padding=&#8220;|||&#8220; custom_padding__hover=&#8220;|||&#8220;][et_pb_text _builder_version=&#8220;3.27.4&#8243; header_font=&#8220;|||||on|||&#8220;]<\/p>\n<h1>Rundbrief<\/h1>\n<p>[\/et_pb_text][et_pb_divider divider_weight=&#8220;3px&#8220; _builder_version=&#8220;3.19.3&#8243; max_width=&#8220;20%&#8220; height=&#8220;0px&#8220;][\/et_pb_divider][et_pb_text _builder_version=&#8220;4.5.3&#8243; hover_enabled=&#8220;0&#8243;]<\/p>\n<p>Jeweils am Jahresende publizieren wir einen Rundbrief, den wir an \u00fcber 600 Adressen versenden.<\/p>\n<p>[\/et_pb_text][et_pb_button url_new_window=&#8220;on&#8220; button_text=&#8220;Rundbrief 34&#8243; _builder_version=&#8220;4.5.3&#8243; hover_enabled=&#8220;0&#8243; button_url=&#8220;https:\/\/www.utuf.ch\/wp-content\/uploads\/2025\/10\/Rundbrief_034.pdf&#8220;][\/et_pb_button][\/et_pb_column][et_pb_column type=&#8220;1_2&#8243; _builder_version=&#8220;3.25&#8243; custom_padding=&#8220;|||&#8220; custom_padding__hover=&#8220;|||&#8220;][et_pb_text _builder_version=&#8220;3.27.4&#8243; header_font=&#8220;|||||on|||&#8220;]<\/p>\n<h1>Jahresbericht<\/h1>\n<p>[\/et_pb_text][et_pb_divider divider_weight=&#8220;3px&#8220; _builder_version=&#8220;3.19.3&#8243; max_width=&#8220;20%&#8220; height=&#8220;0px&#8220;][\/et_pb_divider][et_pb_text _builder_version=&#8220;3.27.4&#8243;]<\/p>\n<p>F\u00fcr die j\u00e4hrliche Generalversammlung wird jeweils ein ausf\u00fchrlicher Jahresbericht verfasst.<\/p>\n<p>[\/et_pb_text][et_pb_button button_url=&#8220;https:\/\/www.utuf.ch\/wp-content\/uploads\/2025\/10\/Jahresbericht-UTUF-2024-25.pdf&#8220; url_new_window=&#8220;on&#8220; button_text=&#8220;Jahresbericht 2024-2025&#8243; _builder_version=&#8220;4.5.3&#8243;][\/et_pb_button][\/et_pb_column][\/et_pb_row][et_pb_row _builder_version=&#8220;3.25&#8243;][et_pb_column type=&#8220;4_4&#8243; _builder_version=&#8220;3.25&#8243; custom_padding=&#8220;|||&#8220; custom_padding__hover=&#8220;|||&#8220;][et_pb_divider divider_position=&#8220;center&#8220; _builder_version=&#8220;3.19.3&#8243;][\/et_pb_divider][et_pb_text _builder_version=&#8220;3.27.4&#8243; header_font=&#8220;|||||on|||&#8220;]<\/p>\n<h1>Aus dem Archiv<\/h1>\n<p>[\/et_pb_text][et_pb_divider divider_weight=&#8220;3px&#8220; _builder_version=&#8220;3.19.3&#8243; max_width=&#8220;20%&#8220; height=&#8220;0px&#8220;][\/et_pb_divider][et_pb_text _builder_version=&#8220;3.27.4&#8243;]<\/p>\n<p>Weitere Rundbriefe vergangener Jahre:<\/p>\n<p>[\/et_pb_text][\/et_pb_column][\/et_pb_row][et_pb_row column_structure=&#8220;1_3,1_3,1_3&#8243; _builder_version=&#8220;3.25&#8243; custom_padding=&#8220;0|0px|0|0px|false|false&#8220;][et_pb_column type=&#8220;1_3&#8243; _builder_version=&#8220;3.25&#8243; custom_padding=&#8220;|||&#8220; custom_padding__hover=&#8220;|||&#8220;][et_pb_toggle title=&#8220;Rundbrief 33&#8243; _builder_version=&#8220;4.5.3&#8243; hover_enabled=&#8220;0&#8243;]<\/p>\n<p><a href=\"https:\/\/www.utuf.ch\/wp-content\/uploads\/2025\/10\/Rundbrief_033.pdf\" target=\"_blank\" rel=\"noopener noreferrer\">Download<\/a><\/p>\n<p>[\/et_pb_toggle][\/et_pb_column][et_pb_column type=&#8220;1_3&#8243; _builder_version=&#8220;3.25&#8243; custom_padding=&#8220;|||&#8220; custom_padding__hover=&#8220;|||&#8220;][et_pb_toggle title=&#8220;Rundbrief 32&#8243; _builder_version=&#8220;4.5.3&#8243; hover_enabled=&#8220;0&#8243;]<\/p>\n<p><a href=\"https:\/\/www.utuf.ch\/wp-content\/uploads\/2023\/12\/Rundbrief_32.pdf\" target=\"_blank\" rel=\"noopener noreferrer\">Download<\/a><\/p>\n<p>[\/et_pb_toggle][\/et_pb_column][et_pb_column type=&#8220;1_3&#8243; _builder_version=&#8220;3.25&#8243; custom_padding=&#8220;|||&#8220; custom_padding__hover=&#8220;|||&#8220;][et_pb_toggle title=&#8220;Rundbrief 31&#8243; _builder_version=&#8220;4.5.3&#8243; hover_enabled=&#8220;0&#8243;]<\/p>\n<p><a href=\"https:\/\/www.utuf.ch\/wp-content\/uploads\/2022\/11\/Rundbrief_31.pdf\" target=\"_blank\" rel=\"noopener noreferrer\">Download<\/a><\/p>\n<p>[\/et_pb_toggle][\/et_pb_column][\/et_pb_row][\/et_pb_section]<\/p>\n","protected":false},"excerpt":{"rendered":"<p>[et_pb_section fb_built=&#8220;1&#8243; fullwidth=&#8220;on&#8220; _builder_version=&#8220;3.19.1&#8243; background_color=&#8220;rgba(102,102,102,0.8)&#8220; background_image=&#8220;https:\/\/www.utuf.ch\/wp-content\/uploads\/2018\/12\/header.jpg&#8220; background_blend=&#8220;multiply&#8220; custom_padding=&#8220;80px||80px||true|false&#8220; global_module=&#8220;110&#8243; saved_tabs=&#8220;all&#8220;][et_pb_fullwidth_post_title meta=&#8220;off&#8220; featured_image=&#8220;off&#8220; _builder_version=&#8220;3.19.1&#8243; title_font=&#8220;Montserrat||||||||&#8220; title_text_color=&#8220;#ffffff&#8220; title_font_size=&#8220;48px&#8220; title_letter_spacing=&#8220;4px&#8220; text_orientation=&#8220;center&#8220; title_font_size_tablet=&#8220;&#8220; title_font_size_phone=&#8220;36px&#8220; title_font_size_last_edited=&#8220;on|phone&#8220; title_letter_spacing_tablet=&#8220;&#8220; title_letter_spacing_phone=&#8220;3px&#8220; title_letter_spacing_last_edited=&#8220;on|phone&#8220;][\/et_pb_fullwidth_post_title][\/et_pb_section][et_pb_section fb_built=&#8220;1&#8243; _builder_version=&#8220;3.22.3&#8243; custom_padding=&#8220;|3px||&#8220;][et_pb_row column_structure=&#8220;1_2,1_2&#8243; _builder_version=&#8220;3.25&#8243;][et_pb_column type=&#8220;1_2&#8243; _builder_version=&#8220;3.25&#8243; custom_padding=&#8220;|||&#8220; custom_padding__hover=&#8220;|||&#8220;][et_pb_text _builder_version=&#8220;3.27.4&#8243; header_font=&#8220;|||||on|||&#8220;] Rundbrief [\/et_pb_text][et_pb_divider divider_weight=&#8220;3px&#8220; _builder_version=&#8220;3.19.3&#8243; max_width=&#8220;20%&#8220; height=&#8220;0px&#8220;][\/et_pb_divider][et_pb_text _builder_version=&#8220;4.5.3&#8243; hover_enabled=&#8220;0&#8243;] Jeweils am Jahresende publizieren wir einen Rundbrief, den wir an \u00fcber 600 [&hellip;]<\/p>\n","protected":false},"author":2,"featured_media":0,"parent":0,"menu_order":0,"comment_status":"closed","ping_status":"closed","template":"","meta":{"_et_pb_use_builder":"on","_et_pb_old_content":"<!-- wp:divi\/placeholder \/-->","_et_gb_content_width":""},"_links":{"self":[{"href":"https:\/\/www.utuf.ch\/index.php?rest_route=\/wp\/v2\/pages\/405"}],"collection":[{"href":"https:\/\/www.utuf.ch\/index.php?rest_route=\/wp\/v2\/pages"}],"about":[{"href":"https:\/\/www.utuf.ch\/index.php?rest_route=\/wp\/v2\/types\/page"}],"author":[{"embeddable":true,"href":"https:\/\/www.utuf.ch\/index.php?rest_route=\/wp\/v2\/users\/2"}],"replies":[{"embeddable":true,"href":"https:\/\/www.utuf.ch\/index.php?rest_route=%2Fwp%2Fv2%2Fcomments&post=405"}],"version-history":[{"count":42,"href":"https:\/\/www.utuf.ch\/index.php?rest_route=\/wp\/v2\/pages\/405\/revisions"}],"predecessor-version":[{"id":1032,"href":"https:\/\/www.utuf.ch\/index.php?rest_route=\/wp\/v2\/pages\/405\/revisions\/1032"}],"wp:attachment":[{"href":"https:\/\/www.utuf.ch\/index.php?rest_route=%2Fwp%2Fv2%2Fmedia&parent=405"}],"curies":[{"name":"wp","href":"https:\/\/api.w.org\/{rel}","templated":true}]}}