{"id":8,"date":"2018-12-28T12:06:55","date_gmt":"2018-12-28T11:06:55","guid":{"rendered":"https:\/\/www.utuf.ch\/?page_id=8"},"modified":"2025-10-26T20:00:50","modified_gmt":"2025-10-26T19:00:50","slug":"home","status":"publish","type":"page","link":"https:\/\/www.utuf.ch\/","title":{"rendered":"Home"},"content":{"rendered":"<p>[et_pb_section fb_built=&#8220;1&#8243; _builder_version=&#8220;3.22.3&#8243; background_color=&#8220;#999999&#8243; background_image=&#8220;https:\/\/www.utuf.ch\/wp-content\/uploads\/2018\/12\/IMG_8876.png&#8220; background_position=&#8220;center_right&#8220; background_blend=&#8220;multiply&#8220; custom_padding=&#8220;100px|0px|100px|0px|false|false&#8220;][et_pb_row _builder_version=&#8220;3.25&#8243;][et_pb_column type=&#8220;4_4&#8243; _builder_version=&#8220;3.25&#8243; custom_padding=&#8220;|||&#8220; custom_padding__hover=&#8220;|||&#8220;][et_pb_image src=&#8220;https:\/\/www.utuf.ch\/wp-content\/uploads\/2018\/12\/logo.png&#8220; align=&#8220;center&#8220; align_tablet=&#8220;center&#8220; align_phone=&#8220;&#8220; align_last_edited=&#8220;on|desktop&#8220; _builder_version=&#8220;3.23&#8243;][\/et_pb_image][et_pb_text _builder_version=&#8220;3.27.4&#8243; header_font=&#8220;||||||||&#8220; header_3_font=&#8220;Montserrat|||on|||||&#8220; header_3_text_align=&#8220;center&#8220; header_3_text_color=&#8220;#ffffff&#8220;]<\/p>\n<h3>Das kleine Hilfswerk<\/h3>\n<p>[\/et_pb_text][et_pb_text _builder_version=&#8220;3.27.4&#8243; header_font=&#8220;Montserrat|600||on|||||&#8220; header_text_align=&#8220;center&#8220; header_text_color=&#8220;#ffffff&#8220;]<\/p>\n<h1>mit der grossen Wirkung<\/h1>\n<p>[\/et_pb_text][\/et_pb_column][\/et_pb_row][\/et_pb_section][et_pb_section fb_built=&#8220;1&#8243; _builder_version=&#8220;3.22.3&#8243;][et_pb_row _builder_version=&#8220;3.25&#8243;][et_pb_column type=&#8220;4_4&#8243; _builder_version=&#8220;3.25&#8243; custom_padding=&#8220;|||&#8220; custom_padding__hover=&#8220;|||&#8220;][et_pb_text _builder_version=&#8220;3.27.4&#8243; text_font=&#8220;||||||||&#8220; header_font=&#8220;Montserrat|||||on|||&#8220; header_3_font=&#8220;||||||||&#8220; header_4_font=&#8220;Montserrat|||on|||||&#8220; header_4_text_color=&#8220;#00786b&#8220; text_orientation=&#8220;center&#8220; max_width=&#8220;70%&#8220; module_alignment=&#8220;center&#8220;]<\/p>\n<h4>Wer sind wir?<\/h4>\n<h1>Una Terra &#8211; Una Familia<\/h1>\n<p>UNA TERRA &#8211; UNA FAMILIA ist ein im Jahr 1995 in Frauenfeld\/Schweiz gegr\u00fcndetes Hilfswerk. Es unterst\u00fctzt und begleitet Projekte in verschiedenen L\u00e4ndern, vorwiegend auf den Philippinen, in Tanzania und in Brasilien.<\/p>\n<p>[\/et_pb_text][\/et_pb_column][\/et_pb_row][et_pb_row column_structure=&#8220;1_3,1_3,1_3&#8243; _builder_version=&#8220;3.25&#8243;][et_pb_column type=&#8220;1_3&#8243; _builder_version=&#8220;3.25&#8243; custom_padding=&#8220;|||&#8220; custom_padding__hover=&#8220;|||&#8220;][et_pb_blurb title=&#8220;Finanzielle Unterst\u00fctzung&#8220; image=&#8220;https:\/\/www.utuf.ch\/wp-content\/uploads\/2018\/12\/donation.png&#8220; _builder_version=&#8220;3.19.1&#8243; header_font=&#8220;||||||||&#8220; text_orientation=&#8220;center&#8220;]<\/p>\n<p>Die Projekte fokussieren auf die Bereiche Bildung und Gesundheit. Das Ziel von UNA TERRA &#8211; UNA FAMILIA ist es, bed\u00fcrftigen Menschen Hilfe zur Selbsthilfe zu leisten und ihnen damit den Weg in eine bessere Zukunft zu ebnen.<\/p>\n<p>[\/et_pb_blurb][\/et_pb_column][et_pb_column type=&#8220;1_3&#8243; _builder_version=&#8220;3.25&#8243; custom_padding=&#8220;|||&#8220; custom_padding__hover=&#8220;|||&#8220;][et_pb_blurb title=&#8220;Kontakte vor Ort&#8220; image=&#8220;https:\/\/www.utuf.ch\/wp-content\/uploads\/2018\/12\/world.png&#8220; _builder_version=&#8220;3.19.1&#8243; text_orientation=&#8220;center&#8220;]<\/p>\n<p>Wir legen grossen Wert darauf, die Projekte stets in enger Zusammenarbeit mit lokalen Bezugspersonen zu begleiten. So ist es uns \u00fcber die Jahre gelungen, pers\u00f6nliche Kontakte aufzubauen, die wir regelm\u00e4ssig pflegen.<\/p>\n<p>[\/et_pb_blurb][\/et_pb_column][et_pb_column type=&#8220;1_3&#8243; _builder_version=&#8220;3.25&#8243; custom_padding=&#8220;|||&#8220; custom_padding__hover=&#8220;|||&#8220;][et_pb_blurb title=&#8220;100 Prozent&#8220; image=&#8220;https:\/\/www.utuf.ch\/wp-content\/uploads\/2018\/12\/donation-1.png&#8220; _builder_version=&#8220;3.19.1&#8243; text_orientation=&#8220;center&#8220;]<\/p>\n<p>Jede Spende kommt vollumf\u00e4nglich unseren Projekten zugute. F\u00fcr Nebenkosten wie B\u00fcromaterialien, Druck und Versand von Rundbriefen u.a. f\u00fchren wir ein G\u00f6nnerkonto.<\/p>\n<p>[\/et_pb_blurb][\/et_pb_column][\/et_pb_row][\/et_pb_section][et_pb_section fb_built=&#8220;1&#8243; _builder_version=&#8220;3.22.3&#8243; background_color=&#8220;#eeeeee&#8220; custom_padding=&#8220;||64px|&#8220;][et_pb_row _builder_version=&#8220;3.25&#8243;][et_pb_column type=&#8220;4_4&#8243; _builder_version=&#8220;3.25&#8243; custom_padding=&#8220;|||&#8220; custom_padding__hover=&#8220;|||&#8220;][et_pb_text _builder_version=&#8220;3.27.4&#8243; text_font=&#8220;||||||||&#8220; header_font=&#8220;Montserrat||||||||&#8220; header_4_font=&#8220;Montserrat|||on|||||&#8220; header_4_text_color=&#8220;#00786b&#8220; text_orientation=&#8220;center&#8220; max_width=&#8220;70%&#8220; module_alignment=&#8220;center&#8220;]<\/p>\n<h4>Wo Wirken Wir?<\/h4>\n<h1>Unsere T\u00e4tigkeit<\/h1>\n<p>Gem\u00e4ss unserem Leitbild helfen wir grunds\u00e4tzlich \u00fcberall dort, wo es gilt, Not zu lindern. Unsere beschr\u00e4nkten Mittel zwingen uns aber, Schwerpunkte zu setzen. Dank den laufenden und intensiven Kontakten mit unseren Partnern vor Ort k\u00f6nnen wir diese jedoch wirkungsvoll und kontrolliert einsetzen.<\/p>\n<p>[\/et_pb_text][\/et_pb_column][\/et_pb_row][et_pb_row column_structure=&#8220;1_3,1_3,1_3&#8243; _builder_version=&#8220;3.25&#8243;][et_pb_column type=&#8220;1_3&#8243; _builder_version=&#8220;3.25&#8243; custom_padding=&#8220;|||&#8220; custom_padding__hover=&#8220;|||&#8220;][et_pb_blurb title=&#8220;Philippinen&#8220; image=&#8220;https:\/\/www.utuf.ch\/wp-content\/uploads\/2020\/04\/philippinen.png&#8220; _builder_version=&#8220;4.5.3&#8243; header_font=&#8220;||||||||&#8220; text_orientation=&#8220;center&#8220;]<\/p>\n<p>Seit der Gr\u00fcndung von UNA TERRA &#8211; UNA FAMILIA stellen die Projekte auf den Philippinen den Schwerpunkt unserer T\u00e4tigkeit dar.\u00a0 Die Projektarbeit konzentriert sich vor allem auf die im Norden des philippinischen Archipels liegende Inselgruppe Luzon. Das betrifft konkret die Orte Manila, Bacon, Masbate und Calauan.<br \/>Bei all unseren Projekten sind uns folgende Kriterien wichtig: Hilfe zur Selbsthilfe f\u00fcr die \u00c4rmsten, Kontaktpersonen vor Ort, regelm\u00e4ssige Besuche der Projekte.<\/p>\n<p>[\/et_pb_blurb][\/et_pb_column][et_pb_column type=&#8220;1_3&#8243; _builder_version=&#8220;3.25&#8243; custom_padding=&#8220;|||&#8220; custom_padding__hover=&#8220;|||&#8220;][et_pb_blurb title=&#8220;Afrika&#8220; image=&#8220;https:\/\/www.utuf.ch\/wp-content\/uploads\/2020\/04\/africa.png&#8220; _builder_version=&#8220;3.22.7&#8243; text_orientation=&#8220;center&#8220;]<\/p>\n<p>In Afrika unterst\u00fctzen wir vorwiegend Projekte in Tanzania. Seit l\u00e4ngerer Zeit begleiten wir ein Kinderheim f\u00fcr Behinderte (Taube, Stumme, Blinde, Albinos) in Boma N&#8217;Gombe. Zudem bezahlen wir auch den Kauf von Reis und Bohnen der Angelo Lipani School in Arusha und Stipendien f\u00fcr mittellose Studierende. Seit 2018 unterst\u00fctzen wir zudem zwei Projekte in Nigeria: ein Waisenhaus und eine Augenklinik in Enugu.<\/p>\n<p>[\/et_pb_blurb][\/et_pb_column][et_pb_column type=&#8220;1_3&#8243; _builder_version=&#8220;3.25&#8243; custom_padding=&#8220;|||&#8220; custom_padding__hover=&#8220;|||&#8220;][et_pb_blurb title=&#8220;Lateinamerika&#8220; _builder_version=&#8220;4.5.3&#8243; text_orientation=&#8220;center&#8220; hover_enabled=&#8220;0&#8243; title_text=&#8220;Brazil&#8220; image=&#8220;https:\/\/www.utuf.ch\/wp-content\/uploads\/2025\/10\/Brazil.png&#8220;]<\/p>\n<p>Die meisten Projekte, die wir in Lateinamerika unterst\u00fctzen, befinden sich in Brasilien und Ecuador. Zust\u00e4ndig f\u00fcr diese Projekte ist aber das Hilfswerk \u201e<a href=\"http:\/\/jugendhilfe.donbosco.ch\" target=\"_blank\" rel=\"noopener noreferrer\">Jugendhilfe Weltweit<\/a>&#8220; der Salesianer Don Boscos. Schon seit vielen Jahren arbeiten wir mit diesem Hilfswerk zusammen und bezeichnen es gerne auch als unsere \u201egrosse Schwester\u201c. Die Salesianer sind uns Garant f\u00fcr die Einhaltung unserer Kriterien.<\/p>\n<p>[\/et_pb_blurb][\/et_pb_column][\/et_pb_row][et_pb_row _builder_version=&#8220;4.5.3&#8243; _module_preset=&#8220;default&#8220;][et_pb_column type=&#8220;4_4&#8243; _builder_version=&#8220;4.5.3&#8243; _module_preset=&#8220;default&#8220;][et_pb_text _builder_version=&#8220;4.5.3&#8243; text_font=&#8220;||||||||&#8220; header_font=&#8220;Montserrat||||||||&#8220; header_4_font=&#8220;Montserrat|||on|||||&#8220; header_4_text_color=&#8220;#00786b&#8220; text_orientation=&#8220;center&#8220; max_width=&#8220;70%&#8220; module_alignment=&#8220;center&#8220; custom_margin=&#8220;||||false|false&#8220;]<\/p>\n<h3>Hilfe\u00a0\u00abin aller Welt\u00bb:<\/h3>\n<p>Mit dem internen \u00abUTUF Welweit Fonds\u00bb unterst\u00fctzen wir gelegentlich auch Projekte in L\u00e4ndern, die oben nicht aufgef\u00fchrt sind \u2013 allerdings nur mit einmaligen Beitr\u00e4gen. Auch bei diesen Projekten steht das Kriterium eines pers\u00f6nlichen Kontaktes zu Partnern vor Ort im Vordergrund. So haben wir bisher folgende Projekte unterst\u00fctzt: Albanienhilfe der Weggemeinschaft Rheinau, Arbeitsprogramm f\u00fcr Frauen in der Di\u00f6zese Waranagal \/ Indien, Stipendien f\u00fcr Studierende auf Flores \/ Indonesien.<\/p>\n<p>[\/et_pb_text][\/et_pb_column][\/et_pb_row][\/et_pb_section][et_pb_section fb_built=&#8220;1&#8243; _builder_version=&#8220;3.22.3&#8243;][et_pb_row _builder_version=&#8220;3.25&#8243;][et_pb_column type=&#8220;4_4&#8243; _builder_version=&#8220;3.25&#8243; custom_padding=&#8220;|||&#8220; custom_padding__hover=&#8220;|||&#8220;][et_pb_text _builder_version=&#8220;3.27.4&#8243; text_font=&#8220;||||||||&#8220; header_font=&#8220;Montserrat||||||||&#8220; header_4_font=&#8220;Montserrat|||on|||||&#8220; header_4_text_color=&#8220;#00786b&#8220; text_orientation=&#8220;center&#8220; max_width=&#8220;70%&#8220; module_alignment=&#8220;center&#8220;]<\/p>\n<h4>Was Tun wir?<\/h4>\n<h1>Die Projekte<\/h1>\n<p>Das Engagement von UNA TERRA &#8211; FAMILIA ist durch eine christliche Grundhaltung gepr\u00e4gt und orientiert sich an Werten wie N\u00e4chstenliebe, Barmherzigkeit und Hilfsbereitschaft, die alle Konfessionen verbinden. Im Zentrum der Projektarbeit stehen immer die Menschen, unabh\u00e4ngig von ihrer religi\u00f6sen Ausrichtung.<\/p>\n<p>[\/et_pb_text][\/et_pb_column][\/et_pb_row][et_pb_row column_structure=&#8220;3_4,1_4&#8243; _builder_version=&#8220;3.25&#8243;][et_pb_column type=&#8220;3_4&#8243; _builder_version=&#8220;3.25&#8243; custom_padding=&#8220;|||&#8220; custom_padding__hover=&#8220;|||&#8220;][et_pb_portfolio fullwidth=&#8220;off&#8220; posts_number=&#8220;3&#8243; include_categories=&#8220;9&#8243; show_pagination=&#8220;off&#8220; zoom_icon_color=&#8220;#00786b&#8220; _builder_version=&#8220;3.19.3&#8243;][\/et_pb_portfolio][\/et_pb_column][et_pb_column type=&#8220;1_4&#8243; _builder_version=&#8220;3.25&#8243; custom_padding=&#8220;|||&#8220; custom_padding__hover=&#8220;|||&#8220;][et_pb_button button_url=&#8220;https:\/\/www.utuf.ch\/?page_id=16&#8243; button_text=&#8220;weitere Projekte&#8220; _builder_version=&#8220;3.19.5&#8243; custom_margin=&#8220;60px||60px||true&#8220; custom_padding=&#8220;||&#8220;][\/et_pb_button][\/et_pb_column][\/et_pb_row][\/et_pb_section]<\/p>\n","protected":false},"excerpt":{"rendered":"<p>[et_pb_section fb_built=&#8220;1&#8243; _builder_version=&#8220;3.22.3&#8243; background_color=&#8220;#999999&#8243; background_image=&#8220;https:\/\/www.utuf.ch\/wp-content\/uploads\/2018\/12\/IMG_8876.png&#8220; background_position=&#8220;center_right&#8220; background_blend=&#8220;multiply&#8220; custom_padding=&#8220;100px|0px|100px|0px|false|false&#8220;][et_pb_row _builder_version=&#8220;3.25&#8243;][et_pb_column type=&#8220;4_4&#8243; _builder_version=&#8220;3.25&#8243; custom_padding=&#8220;|||&#8220; custom_padding__hover=&#8220;|||&#8220;][et_pb_image src=&#8220;https:\/\/www.utuf.ch\/wp-content\/uploads\/2018\/12\/logo.png&#8220; align=&#8220;center&#8220; align_tablet=&#8220;center&#8220; align_phone=&#8220;&#8220; align_last_edited=&#8220;on|desktop&#8220; _builder_version=&#8220;3.23&#8243;][\/et_pb_image][et_pb_text _builder_version=&#8220;3.27.4&#8243; header_font=&#8220;||||||||&#8220; header_3_font=&#8220;Montserrat|||on|||||&#8220; header_3_text_align=&#8220;center&#8220; header_3_text_color=&#8220;#ffffff&#8220;] Das kleine Hilfswerk [\/et_pb_text][et_pb_text _builder_version=&#8220;3.27.4&#8243; header_font=&#8220;Montserrat|600||on|||||&#8220; header_text_align=&#8220;center&#8220; header_text_color=&#8220;#ffffff&#8220;] mit der grossen Wirkung [\/et_pb_text][\/et_pb_column][\/et_pb_row][\/et_pb_section][et_pb_section fb_built=&#8220;1&#8243; _builder_version=&#8220;3.22.3&#8243;][et_pb_row _builder_version=&#8220;3.25&#8243;][et_pb_column type=&#8220;4_4&#8243; _builder_version=&#8220;3.25&#8243; custom_padding=&#8220;|||&#8220; custom_padding__hover=&#8220;|||&#8220;][et_pb_text _builder_version=&#8220;3.27.4&#8243; text_font=&#8220;||||||||&#8220; header_font=&#8220;Montserrat|||||on|||&#8220; header_3_font=&#8220;||||||||&#8220; header_4_font=&#8220;Montserrat|||on|||||&#8220; header_4_text_color=&#8220;#00786b&#8220; text_orientation=&#8220;center&#8220; max_width=&#8220;70%&#8220; module_alignment=&#8220;center&#8220;] Wer sind [&hellip;]<\/p>\n","protected":false},"author":2,"featured_media":0,"parent":0,"menu_order":0,"comment_status":"closed","ping_status":"closed","template":"","meta":{"_et_pb_use_builder":"on","_et_pb_old_content":"","_et_gb_content_width":""},"_links":{"self":[{"href":"https:\/\/www.utuf.ch\/index.php?rest_route=\/wp\/v2\/pages\/8"}],"collection":[{"href":"https:\/\/www.utuf.ch\/index.php?rest_route=\/wp\/v2\/pages"}],"about":[{"href":"https:\/\/www.utuf.ch\/index.php?rest_route=\/wp\/v2\/types\/page"}],"author":[{"embeddable":true,"href":"https:\/\/www.utuf.ch\/index.php?rest_route=\/wp\/v2\/users\/2"}],"replies":[{"embeddable":true,"href":"https:\/\/www.utuf.ch\/index.php?rest_route=%2Fwp%2Fv2%2Fcomments&post=8"}],"version-history":[{"count":90,"href":"https:\/\/www.utuf.ch\/index.php?rest_route=\/wp\/v2\/pages\/8\/revisions"}],"predecessor-version":[{"id":1034,"href":"https:\/\/www.utuf.ch\/index.php?rest_route=\/wp\/v2\/pages\/8\/revisions\/1034"}],"wp:attachment":[{"href":"https:\/\/www.utuf.ch\/index.php?rest_route=%2Fwp%2Fv2%2Fmedia&parent=8"}],"curies":[{"name":"wp","href":"https:\/\/api.w.org\/{rel}","templated":true}]}}